{"id":29,"date":"2020-07-22T08:22:20","date_gmt":"2020-07-22T06:22:20","guid":{"rendered":"https:\/\/drogueriepuippe.mcsm.ch\/?page_id=29"},"modified":"2021-06-15T15:54:41","modified_gmt":"2021-06-15T13:54:41","slug":"cosmetique","status":"publish","type":"page","link":"https:\/\/droguerie-sierroise.ch\/de\/cosmetique\/","title":{"rendered":"Kosmetik"},"content":{"rendered":"<p>[et_pb_section fb_built=\u00a0\u00bb1&Prime; specialty=\u00a0\u00bbon\u00a0\u00bb admin_label=\u00a0\u00bbHeader\u00a0\u00bb _builder_version=\u00a0\u00bb3.24.1&Prime; custom_padding=\u00a0\u00bb6vw||\u00a0\u00bb locked=\u00a0\u00bboff\u00a0\u00bb][et_pb_column type=\u00a0\u00bb1_3&Prime; _builder_version=\u00a0\u00bb3.25&Prime; custom_padding=\u00a0\u00bb|||\u00a0\u00bb custom_padding__hover=\u00a0\u00bb|||\u00a0\u00bb][et_pb_text _builder_version=\u00a0\u00bb4.4.8&Prime; text_font=\u00a0\u00bb||||||||\u00a0\u00bb text_font_size=\u00a0\u00bb15px\u00a0\u00bb text_line_height=\u00a0\u00bb1.6em\u00a0\u00bb header_font=\u00a0\u00bbGentium Basic|700|||||||\u00a0\u00bb header_font_size=\u00a0\u00bb55px\u00a0\u00bb header_line_height=\u00a0\u00bb1.2em\u00a0\u00bb header_2_line_height=\u00a0\u00bb1.3em\u00a0\u00bb header_font_size_tablet=\u00a0\u00bb40px\u00a0\u00bb header_font_size_phone=\u00a0\u00bb25px\u00a0\u00bb header_font_size_last_edited=\u00a0\u00bbon|phone\u00a0\u00bb locked=\u00a0\u00bboff\u00a0\u00bb]<\/p>\n<h1>Cosm\u00e9tique<\/h1>\n<h2>Des cosm\u00e9tiques naturelles et en respect de l&rsquo;environnement \u00e0 Sierre<\/h2>\n<p>La Droguerie Sierroise dispose d&rsquo;une large gamme de produits de beaut\u00e9 naturels.<\/p>\n<p>Pr\u00e8s de la gare de Sierre, la Droguerie Sierroise propose un \u00e9ventail de cr\u00e8mes, de soins et de maquillages \u00e0 base de denr\u00e9es naturelles.<\/p>\n<p>[\/et_pb_text][et_pb_button button_url=\u00a0\u00bb@ET-DC@eyJkeW5hbWljIjp0cnVlLCJjb250ZW50IjoicG9zdF9saW5rX3VybF9wYWdlIiwic2V0dGluZ3MiOnsicG9zdF9pZCI6IjE1In19@\u00a0\u00bb button_text=\u00a0\u00bbContactez-nous\u00a0\u00bb _builder_version=\u00a0\u00bb4.4.8&Prime; _dynamic_attributes=\u00a0\u00bbbutton_url\u00a0\u00bb custom_button=\u00a0\u00bbon\u00a0\u00bb button_text_size=\u00a0\u00bb18px\u00a0\u00bb button_text_color=\u00a0\u00bb#ffffff\u00a0\u00bb button_bg_color=\u00a0\u00bb#FB5D23&Prime; button_border_width=\u00a0\u00bb5px\u00a0\u00bb button_border_color=\u00a0\u00bb#fb5d23&Prime; button_font=\u00a0\u00bb|||on|||||\u00a0\u00bb button_use_icon=\u00a0\u00bboff\u00a0\u00bb custom_margin=\u00a0\u00bb||0px|||\u00a0\u00bb locked=\u00a0\u00bboff\u00a0\u00bb][\/et_pb_button][et_pb_text _builder_version=\u00a0\u00bb4.4.8&Prime; locked=\u00a0\u00bboff\u00a0\u00bb]<\/p>\n<p>Pour plus d&rsquo;informations sur les marques de cosm\u00e9tiques naturelles<\/p>\n<p>[\/et_pb_text][et_pb_text _builder_version=\u00a0\u00bb4.4.8&Prime;]<\/p>\n<ul>\n<li><a href=\"#bio\">Cosm\u00e9tique naturelle | Bio<\/a><\/li>\n<li><a href=\"#tradi\">Cosm\u00e9tique traditionnelle<\/a><\/li>\n<\/ul>\n<p>[\/et_pb_text][\/et_pb_column][et_pb_column type=\u00a0\u00bb2_3&Prime; specialty_columns=\u00a0\u00bb2&Prime; _builder_version=\u00a0\u00bb3.25&Prime; custom_padding=\u00a0\u00bb|||\u00a0\u00bb custom_padding__hover=\u00a0\u00bb|||\u00a0\u00bb][et_pb_row_inner column_structure=\u00a0\u00bb1_2,1_2&Prime; use_custom_gutter=\u00a0\u00bbon\u00a0\u00bb gutter_width=\u00a0\u00bb1&Prime; padding_top_bottom_link_2=\u00a0\u00bbtrue\u00a0\u00bb padding_left_right_link_2=\u00a0\u00bbtrue\u00a0\u00bb _builder_version=\u00a0\u00bb3.25&Prime; background_color=\u00a0\u00bb#007eff\u00a0\u00bb use_background_color_gradient=\u00a0\u00bbon\u00a0\u00bb background_color_gradient_start=\u00a0\u00bb#ffffff\u00a0\u00bb background_color_gradient_end=\u00a0\u00bb#007eff\u00a0\u00bb background_color_gradient_direction=\u00a0\u00bb90deg\u00a0\u00bb background_color_gradient_start_position=\u00a0\u00bb34%\u00a0\u00bb background_color_gradient_end_position=\u00a0\u00bb8%\u00a0\u00bb custom_padding=\u00a0\u00bb0px||100px|20px||\u00a0\u00bb background_last_edited=\u00a0\u00bboff|desktop\u00a0\u00bb background_color_gradient_direction_tablet=\u00a0\u00bb180deg\u00a0\u00bb overflow-y_tablet=\u00a0\u00bbhidden\u00a0\u00bb overflow-y_phone=\u00a0\u00bb\u00a0\u00bb overflow-y_last_edited=\u00a0\u00bbon|desktop\u00a0\u00bb box_shadow_style=\u00a0\u00bbpreset4&Prime; box_shadow_horizontal=\u00a0\u00bb20vw\u00a0\u00bb box_shadow_vertical=\u00a0\u00bb0px\u00a0\u00bb box_shadow_color=\u00a0\u00bb#007eff\u00a0\u00bb locked=\u00a0\u00bboff\u00a0\u00bb][et_pb_column_inner type=\u00a0\u00bb1_2&Prime; saved_specialty_column_type=\u00a0\u00bb2_3&Prime; _builder_version=\u00a0\u00bb3.25&Prime; custom_padding=\u00a0\u00bb|||\u00a0\u00bb custom_padding__hover=\u00a0\u00bb|||\u00a0\u00bb][et_pb_image src=\u00a0\u00bbhttps:\/\/droguerie-sierroise.ch\/wp-content\/uploads\/2020\/09\/cosm-p1.jpg\u00a0\u00bb title_text=\u00a0\u00bbcosm-p1&Prime; _builder_version=\u00a0\u00bb4.4.8&Prime; max_width_tablet=\u00a0\u00bb300px\u00a0\u00bb max_width_phone=\u00a0\u00bb\u00a0\u00bb max_width_last_edited=\u00a0\u00bbon|desktop\u00a0\u00bb custom_margin=\u00a0\u00bb|-60%||\u00a0\u00bb custom_margin_tablet=\u00a0\u00bb|0%||\u00a0\u00bb custom_margin_phone=\u00a0\u00bb\u00a0\u00bb custom_margin_last_edited=\u00a0\u00bbon|desktop\u00a0\u00bb box_shadow_style=\u00a0\u00bbpreset4&Prime; box_shadow_horizontal=\u00a0\u00bb-20px\u00a0\u00bb box_shadow_vertical=\u00a0\u00bb-200px\u00a0\u00bb box_shadow_color=\u00a0\u00bb#fb5d23&Prime;][\/et_pb_image][\/et_pb_column_inner][et_pb_column_inner type=\u00a0\u00bb1_2&Prime; saved_specialty_column_type=\u00a0\u00bb2_3&Prime; _builder_version=\u00a0\u00bb3.25&Prime; background_color=\u00a0\u00bb#ffffff\u00a0\u00bb custom_padding=\u00a0\u00bb60px|40px|60px|40px\u00a0\u00bb custom_padding_tablet=\u00a0\u00bb|||0px\u00a0\u00bb custom_padding_phone=\u00a0\u00bb\u00a0\u00bb custom_padding_last_edited=\u00a0\u00bbon|desktop\u00a0\u00bb custom_padding__hover=\u00a0\u00bb|||\u00a0\u00bb][et_pb_image src=\u00a0\u00bbhttp:\/\/www.droguerie-sierroise.ch\/wp-content\/uploads\/2021\/06\/Cosmetique-01-scaled.jpg\u00a0\u00bb title_text=\u00a0\u00bbCosmetique-01&Prime; _builder_version=\u00a0\u00bb4.9.4&Prime; hover_enabled=\u00a0\u00bb0&Prime; sticky_enabled=\u00a0\u00bb0&Prime;][\/et_pb_image][\/et_pb_column_inner][\/et_pb_row_inner][\/et_pb_column][\/et_pb_section][et_pb_section fb_built=\u00a0\u00bb1&Prime; admin_label=\u00a0\u00bbServices\u00a0\u00bb _builder_version=\u00a0\u00bb3.24.1&Prime; background_color=\u00a0\u00bb#f7f7f7&Prime; width=\u00a0\u00bb100%\u00a0\u00bb custom_margin=\u00a0\u00bb|||||\u00a0\u00bb custom_padding=\u00a0\u00bb100px||100px||true|\u00a0\u00bb border_color_all=\u00a0\u00bb#ffffff\u00a0\u00bb border_width_left=\u00a0\u00bb6vw\u00a0\u00bb][et_pb_row column_structure=\u00a0\u00bb1_2,1_2&Prime; admin_label=\u00a0\u00bbbio\u00a0\u00bb module_id=\u00a0\u00bbbio\u00a0\u00bb _builder_version=\u00a0\u00bb4.4.8&Prime;][et_pb_column type=\u00a0\u00bb1_2&Prime; _builder_version=\u00a0\u00bb3.25&Prime; custom_padding=\u00a0\u00bb|||\u00a0\u00bb custom_padding__hover=\u00a0\u00bb|||\u00a0\u00bb][et_pb_image src=\u00a0\u00bbhttps:\/\/droguerie-sierroise.ch\/wp-content\/uploads\/2020\/09\/bh21.jpg\u00a0\u00bb title_text=\u00a0\u00bbbh21&Prime; _builder_version=\u00a0\u00bb4.4.8&Prime;][\/et_pb_image][\/et_pb_column][et_pb_column type=\u00a0\u00bb1_2&Prime; _builder_version=\u00a0\u00bb3.25&Prime; custom_padding=\u00a0\u00bb|||\u00a0\u00bb custom_padding__hover=\u00a0\u00bb|||\u00a0\u00bb][et_pb_text _builder_version=\u00a0\u00bb4.4.8&Prime; text_font=\u00a0\u00bb||||||||\u00a0\u00bb text_font_size=\u00a0\u00bb16px\u00a0\u00bb text_line_height=\u00a0\u00bb1.8em\u00a0\u00bb header_font=\u00a0\u00bb||||||||\u00a0\u00bb header_2_font=\u00a0\u00bb||||||||\u00a0\u00bb header_3_font=\u00a0\u00bbGentium Basic|700|||||||\u00a0\u00bb header_3_font_size=\u00a0\u00bb30px\u00a0\u00bb header_3_line_height=\u00a0\u00bb1.2em\u00a0\u00bb module_alignment=\u00a0\u00bbcenter\u00a0\u00bb header_3_font_size_tablet=\u00a0\u00bb30px\u00a0\u00bb header_3_font_size_phone=\u00a0\u00bb22px\u00a0\u00bb header_3_font_size_last_edited=\u00a0\u00bbon|desktop\u00a0\u00bb locked=\u00a0\u00bboff\u00a0\u00bb]<\/p>\n<h3>Cosm\u00e9tique naturelle \/ Bio<\/h3>\n<p>Nous aimons ces gammes qui privil\u00e9gient au maximum les composants naturels et \u00e9liminent de leurs compositions les additifs, parfums et conservateurs. Avec Weleda, Dr. Hauschka, M\u00e9lvita nous avons des soins cosm\u00e9tiques de qualit\u00e9. Pour le g\u00e9n\u00e9reux soleil de notre cit\u00e9, les solaires des laboratoires de Biarritz et la gamme Sunv\u00e9da de Lakshmi vous deviez trouver votre bonheur.<\/p>\n<p>[\/et_pb_text][et_pb_text _builder_version=\u00a0\u00bb4.4.8&Prime; custom_margin=\u00a0\u00bb-21px|||||\u00a0\u00bb custom_padding=\u00a0\u00bb0px|||||\u00a0\u00bb]<\/p>\n<p style=\"text-align: center;\"><img loading=\"lazy\" decoding=\"async\" src=\"https:\/\/droguerie-sierroise.ch\/wp-content\/uploads\/2020\/09\/31-300x155.jpg\" width=\"99\" height=\"51\" alt=\"\" class=\"wp-image-242 alignnone size-medium\" srcset=\"https:\/\/droguerie-sierroise.ch\/wp-content\/uploads\/2020\/09\/31-300x155.jpg 300w, https:\/\/droguerie-sierroise.ch\/wp-content\/uploads\/2020\/09\/31.jpg 346w\" sizes=\"(max-width: 99px) 100vw, 99px\" \/> <img loading=\"lazy\" decoding=\"async\" src=\"https:\/\/droguerie-sierroise.ch\/wp-content\/uploads\/2020\/09\/32-300x147.jpg\" width=\"116\" height=\"57\" alt=\"\" class=\"wp-image-243 alignnone size-medium\" srcset=\"https:\/\/droguerie-sierroise.ch\/wp-content\/uploads\/2020\/09\/32-300x147.jpg 300w, https:\/\/droguerie-sierroise.ch\/wp-content\/uploads\/2020\/09\/32.jpg 393w\" sizes=\"(max-width: 116px) 100vw, 116px\" \/> <img loading=\"lazy\" decoding=\"async\" src=\"https:\/\/droguerie-sierroise.ch\/wp-content\/uploads\/2020\/09\/33-300x111.jpg\" width=\"143\" height=\"53\" alt=\"\" class=\"wp-image-244 alignnone size-medium\" srcset=\"https:\/\/droguerie-sierroise.ch\/wp-content\/uploads\/2020\/09\/33-300x111.jpg 300w, https:\/\/droguerie-sierroise.ch\/wp-content\/uploads\/2020\/09\/33-400x152.jpg 400w, https:\/\/droguerie-sierroise.ch\/wp-content\/uploads\/2020\/09\/33.jpg 412w\" sizes=\"(max-width: 143px) 100vw, 143px\" \/> <img loading=\"lazy\" decoding=\"async\" src=\"https:\/\/droguerie-sierroise.ch\/wp-content\/uploads\/2020\/09\/34-300x300.jpg\" width=\"76\" height=\"76\" alt=\"\" class=\"wp-image-245 alignnone size-medium\" srcset=\"https:\/\/droguerie-sierroise.ch\/wp-content\/uploads\/2020\/09\/34-300x300.jpg 300w, https:\/\/droguerie-sierroise.ch\/wp-content\/uploads\/2020\/09\/34-150x150.jpg 150w, https:\/\/droguerie-sierroise.ch\/wp-content\/uploads\/2020\/09\/34.jpg 433w\" sizes=\"(max-width: 76px) 100vw, 76px\" \/><br \/> <img loading=\"lazy\" decoding=\"async\" src=\"https:\/\/droguerie-sierroise.ch\/wp-content\/uploads\/2020\/09\/36-300x72.jpg\" width=\"175\" height=\"42\" alt=\"\" class=\"wp-image-247 alignnone size-medium\" \/> <img loading=\"lazy\" decoding=\"async\" src=\"https:\/\/droguerie-sierroise.ch\/wp-content\/uploads\/2020\/09\/35-300x120.jpg\" width=\"139\" height=\"56\" alt=\"\" class=\"wp-image-246 alignnone size-medium\" srcset=\"https:\/\/droguerie-sierroise.ch\/wp-content\/uploads\/2020\/09\/35-300x120.jpg 300w, https:\/\/droguerie-sierroise.ch\/wp-content\/uploads\/2020\/09\/35.jpg 380w\" sizes=\"(max-width: 139px) 100vw, 139px\" \/><\/p>\n<p>[\/et_pb_text][\/et_pb_column][\/et_pb_row][et_pb_row admin_label=\u00a0\u00bbs\u00e9parateur en pointill\u00e9\u00a0\u00bb _builder_version=\u00a0\u00bb4.4.8&Prime;][et_pb_column type=\u00a0\u00bb4_4&Prime; _builder_version=\u00a0\u00bb4.4.8&Prime;][et_pb_divider divider_style=\u00a0\u00bbdotted\u00a0\u00bb divider_weight=\u00a0\u00bb1px\u00a0\u00bb _builder_version=\u00a0\u00bb4.4.8&Prime; width=\u00a0\u00bb60%\u00a0\u00bb module_alignment=\u00a0\u00bbcenter\u00a0\u00bb][\/et_pb_divider][\/et_pb_column][\/et_pb_row][et_pb_row column_structure=\u00a0\u00bb1_2,1_2&Prime; admin_label=\u00a0\u00bbtradi\u00a0\u00bb module_id=\u00a0\u00bbtradi\u00a0\u00bb _builder_version=\u00a0\u00bb4.4.8&Prime;][et_pb_column type=\u00a0\u00bb1_2&Prime; _builder_version=\u00a0\u00bb3.25&Prime; custom_padding=\u00a0\u00bb|||\u00a0\u00bb custom_padding__hover=\u00a0\u00bb|||\u00a0\u00bb][et_pb_image src=\u00a0\u00bbhttps:\/\/droguerie-sierroise.ch\/wp-content\/uploads\/2020\/09\/bh22.jpg\u00a0\u00bb title_text=\u00a0\u00bbbh22&Prime; _builder_version=\u00a0\u00bb4.4.8&Prime;][\/et_pb_image][\/et_pb_column][et_pb_column type=\u00a0\u00bb1_2&Prime; _builder_version=\u00a0\u00bb3.25&Prime; custom_padding=\u00a0\u00bb|||\u00a0\u00bb custom_padding__hover=\u00a0\u00bb|||\u00a0\u00bb][et_pb_text _builder_version=\u00a0\u00bb4.4.8&Prime; text_font=\u00a0\u00bb||||||||\u00a0\u00bb text_font_size=\u00a0\u00bb16px\u00a0\u00bb text_line_height=\u00a0\u00bb1.8em\u00a0\u00bb header_font=\u00a0\u00bb||||||||\u00a0\u00bb header_2_font=\u00a0\u00bb||||||||\u00a0\u00bb header_3_font=\u00a0\u00bbGentium Basic|700|||||||\u00a0\u00bb header_3_font_size=\u00a0\u00bb30px\u00a0\u00bb header_3_line_height=\u00a0\u00bb1.2em\u00a0\u00bb module_alignment=\u00a0\u00bbcenter\u00a0\u00bb header_3_font_size_tablet=\u00a0\u00bb30px\u00a0\u00bb header_3_font_size_phone=\u00a0\u00bb22px\u00a0\u00bb header_3_font_size_last_edited=\u00a0\u00bbon|desktop\u00a0\u00bb locked=\u00a0\u00bboff\u00a0\u00bb]<\/p>\n<h3>Cosm\u00e9tique traditionnelle<\/h3>\n<p>Nous vous proposons aussi des cosm\u00e9tiques plus classiques avec les marques suivantes Payot, Lubex, R\u00e9gulat, Gerda Spilmann<\/p>\n<p>&nbsp;<\/p>\n<p>[\/et_pb_text][et_pb_text _builder_version=\u00a0\u00bb4.4.8&Prime; custom_margin=\u00a0\u00bb-21px|||||\u00a0\u00bb custom_padding=\u00a0\u00bb0px|||||\u00a0\u00bb]<\/p>\n<p style=\"text-align: center;\"><img loading=\"lazy\" decoding=\"async\" src=\"https:\/\/droguerie-sierroise.ch\/wp-content\/uploads\/2020\/09\/41-300x73.jpg\" width=\"115\" height=\"28\" alt=\"\" class=\"wp-image-248 alignnone size-medium\" srcset=\"https:\/\/droguerie-sierroise.ch\/wp-content\/uploads\/2020\/09\/41-300x73.jpg 300w, https:\/\/droguerie-sierroise.ch\/wp-content\/uploads\/2020\/09\/41.jpg 376w\" sizes=\"(max-width: 115px) 100vw, 115px\" \/> \u00a0<img loading=\"lazy\" decoding=\"async\" src=\"https:\/\/droguerie-sierroise.ch\/wp-content\/uploads\/2020\/09\/42.jpg\" width=\"74\" height=\"39\" alt=\"\" class=\"wp-image-249 alignnone size-full\" \/> <img loading=\"lazy\" decoding=\"async\" src=\"https:\/\/droguerie-sierroise.ch\/wp-content\/uploads\/2020\/09\/44-300x100.jpg\" width=\"154\" height=\"51\" alt=\"\" class=\"wp-image-251 alignnone size-medium\" srcset=\"https:\/\/droguerie-sierroise.ch\/wp-content\/uploads\/2020\/09\/44-300x100.jpg 300w, https:\/\/droguerie-sierroise.ch\/wp-content\/uploads\/2020\/09\/44.jpg 445w\" sizes=\"(max-width: 154px) 100vw, 154px\" \/><img loading=\"lazy\" decoding=\"async\" src=\"https:\/\/droguerie-sierroise.ch\/wp-content\/uploads\/2020\/09\/43-300x298.jpg\" width=\"60\" height=\"59\" alt=\"\" class=\"wp-image-250 alignnone size-medium\" srcset=\"https:\/\/droguerie-sierroise.ch\/wp-content\/uploads\/2020\/09\/43-300x298.jpg 300w, https:\/\/droguerie-sierroise.ch\/wp-content\/uploads\/2020\/09\/43-150x150.jpg 150w, https:\/\/droguerie-sierroise.ch\/wp-content\/uploads\/2020\/09\/43.jpg 357w\" sizes=\"(max-width: 60px) 100vw, 60px\" \/><\/p>\n<p>[\/et_pb_text][\/et_pb_column][\/et_pb_row][\/et_pb_section][et_pb_section fb_built=\u00a0\u00bb1&Prime; custom_padding_last_edited=\u00a0\u00bbon|phone\u00a0\u00bb admin_label=\u00a0\u00bbTestimonials\u00a0\u00bb _builder_version=\u00a0\u00bb4.4.8&Prime; background_color=\u00a0\u00bb#004cff\u00a0\u00bb z_index=\u00a0\u00bb1&Prime; max_width=\u00a0\u00bb90%\u00a0\u00bb max_width_tablet=\u00a0\u00bb\u00a0\u00bb max_width_phone=\u00a0\u00bb95%\u00a0\u00bb max_width_last_edited=\u00a0\u00bbon|desktop\u00a0\u00bb custom_padding=\u00a0\u00bb|||10vw\u00a0\u00bb custom_padding_tablet=\u00a0\u00bb|||0vw\u00a0\u00bb custom_padding_phone=\u00a0\u00bb\u00a0\u00bb locked=\u00a0\u00bboff\u00a0\u00bb][\/et_pb_section]<\/p>\n","protected":false},"excerpt":{"rendered":"<p>Cosm\u00e9tique Des cosm\u00e9tiques naturelles et en respect de l&rsquo;environnement \u00e0 Sierre La Droguerie Sierroise dispose d&rsquo;une large gamme de produits de beaut\u00e9 naturels. Pr\u00e8s de la gare de Sierre, la Droguerie Sierroise propose un \u00e9ventail de cr\u00e8mes, de soins et de maquillages \u00e0 base de denr\u00e9es naturelles.Pour plus d&rsquo;informations sur les marques de cosm\u00e9tiques naturelles [&hellip;]<\/p>\n","protected":false},"author":3,"featured_media":0,"parent":0,"menu_order":50,"comment_status":"closed","ping_status":"closed","template":"","meta":{"_et_pb_use_builder":"on","_et_pb_old_content":"<!-- wp:divi\/placeholder \/-->","_et_gb_content_width":"","footnotes":""},"class_list":["post-29","page","type-page","status-publish","hentry"],"yoast_head":"<!-- This site is optimized with the Yoast SEO plugin v27.5 - https:\/\/yoast.com\/product\/yoast-seo-wordpress\/ -->\n<title>Droguerie Sierroise \u2013 Produits naturels, bien-\u00eatre &amp; sant\u00e9 \u00e0 Sierre<\/title>\n<meta name=\"description\" content=\"La Droguerie Sierroise \u00e0 Sierre vous conseille en produits naturels, sant\u00e9, beaut\u00e9 et bien-\u00eatre. Soins personnalis\u00e9s et rem\u00e8des traditionnels suisses.\" \/>\n<meta name=\"robots\" content=\"index, follow, max-snippet:-1, max-image-preview:large, max-video-preview:-1\" \/>\n<link rel=\"canonical\" href=\"https:\/\/droguerie-sierroise.ch\/de\/cosmetique\/\" \/>\n<meta property=\"og:locale\" content=\"de_DE\" \/>\n<meta property=\"og:type\" content=\"article\" \/>\n<meta property=\"og:title\" content=\"Droguerie Sierroise \u2013 Produits naturels, bien-\u00eatre &amp; sant\u00e9 \u00e0 Sierre\" \/>\n<meta property=\"og:description\" content=\"La Droguerie Sierroise \u00e0 Sierre vous conseille en produits naturels, sant\u00e9, beaut\u00e9 et bien-\u00eatre. Soins personnalis\u00e9s et rem\u00e8des traditionnels suisses.\" \/>\n<meta property=\"og:url\" content=\"https:\/\/droguerie-sierroise.ch\/de\/cosmetique\/\" \/>\n<meta property=\"og:site_name\" content=\"Droguerie sierroise - Annemarie Emery\" \/>\n<meta property=\"article:modified_time\" content=\"2021-06-15T13:54:41+00:00\" \/>\n<meta property=\"og:image\" content=\"https:\/\/droguerie-sierroise.ch\/wp-content\/uploads\/2020\/09\/31-300x155.jpg\" \/>\n<meta name=\"twitter:card\" content=\"summary_large_image\" \/>\n<meta name=\"twitter:label1\" content=\"Gesch\u00e4tzte Lesezeit\" \/>\n\t<meta name=\"twitter:data1\" content=\"5\u00a0Minuten\" \/>\n<script type=\"application\/ld+json\" class=\"yoast-schema-graph\">{\"@context\":\"https:\\\/\\\/schema.org\",\"@graph\":[{\"@type\":\"WebPage\",\"@id\":\"https:\\\/\\\/droguerie-sierroise.ch\\\/cosmetique\\\/\",\"url\":\"https:\\\/\\\/droguerie-sierroise.ch\\\/cosmetique\\\/\",\"name\":\"Droguerie Sierroise \u2013 Produits naturels, bien-\u00eatre & sant\u00e9 \u00e0 Sierre\",\"isPartOf\":{\"@id\":\"https:\\\/\\\/droguerie-sierroise.ch\\\/#website\"},\"primaryImageOfPage\":{\"@id\":\"https:\\\/\\\/droguerie-sierroise.ch\\\/cosmetique\\\/#primaryimage\"},\"image\":{\"@id\":\"https:\\\/\\\/droguerie-sierroise.ch\\\/cosmetique\\\/#primaryimage\"},\"thumbnailUrl\":\"https:\\\/\\\/droguerie-sierroise.ch\\\/wp-content\\\/uploads\\\/2020\\\/09\\\/31-300x155.jpg\",\"datePublished\":\"2020-07-22T06:22:20+00:00\",\"dateModified\":\"2021-06-15T13:54:41+00:00\",\"description\":\"La Droguerie Sierroise \u00e0 Sierre vous conseille en produits naturels, sant\u00e9, beaut\u00e9 et bien-\u00eatre. Soins personnalis\u00e9s et rem\u00e8des traditionnels suisses.\",\"breadcrumb\":{\"@id\":\"https:\\\/\\\/droguerie-sierroise.ch\\\/cosmetique\\\/#breadcrumb\"},\"inLanguage\":\"de\",\"potentialAction\":[{\"@type\":\"ReadAction\",\"target\":[\"https:\\\/\\\/droguerie-sierroise.ch\\\/cosmetique\\\/\"]}]},{\"@type\":\"ImageObject\",\"inLanguage\":\"de\",\"@id\":\"https:\\\/\\\/droguerie-sierroise.ch\\\/cosmetique\\\/#primaryimage\",\"url\":\"https:\\\/\\\/droguerie-sierroise.ch\\\/wp-content\\\/uploads\\\/2020\\\/09\\\/31-300x155.jpg\",\"contentUrl\":\"https:\\\/\\\/droguerie-sierroise.ch\\\/wp-content\\\/uploads\\\/2020\\\/09\\\/31-300x155.jpg\"},{\"@type\":\"BreadcrumbList\",\"@id\":\"https:\\\/\\\/droguerie-sierroise.ch\\\/cosmetique\\\/#breadcrumb\",\"itemListElement\":[{\"@type\":\"ListItem\",\"position\":1,\"name\":\"Accueil\",\"item\":\"https:\\\/\\\/droguerie-sierroise.ch\\\/\"},{\"@type\":\"ListItem\",\"position\":2,\"name\":\"Cosm\u00e9tique\"}]},{\"@type\":\"WebSite\",\"@id\":\"https:\\\/\\\/droguerie-sierroise.ch\\\/#website\",\"url\":\"https:\\\/\\\/droguerie-sierroise.ch\\\/\",\"name\":\"Droguerie sierroise\",\"description\":\"Votre droguiste sur Sierre\",\"publisher\":{\"@id\":\"https:\\\/\\\/droguerie-sierroise.ch\\\/#organization\"},\"potentialAction\":[{\"@type\":\"SearchAction\",\"target\":{\"@type\":\"EntryPoint\",\"urlTemplate\":\"https:\\\/\\\/droguerie-sierroise.ch\\\/?s={search_term_string}\"},\"query-input\":{\"@type\":\"PropertyValueSpecification\",\"valueRequired\":true,\"valueName\":\"search_term_string\"}}],\"inLanguage\":\"de\"},{\"@type\":\"Organization\",\"@id\":\"https:\\\/\\\/droguerie-sierroise.ch\\\/#organization\",\"name\":\"Droguerie sierroise\",\"url\":\"https:\\\/\\\/droguerie-sierroise.ch\\\/\",\"logo\":{\"@type\":\"ImageObject\",\"inLanguage\":\"de\",\"@id\":\"https:\\\/\\\/droguerie-sierroise.ch\\\/#\\\/schema\\\/logo\\\/image\\\/\",\"url\":\"https:\\\/\\\/droguerie-sierroise.ch\\\/wp-content\\\/uploads\\\/2020\\\/07\\\/logoDrogueries.jpg\",\"contentUrl\":\"https:\\\/\\\/droguerie-sierroise.ch\\\/wp-content\\\/uploads\\\/2020\\\/07\\\/logoDrogueries.jpg\",\"width\":1499,\"height\":1479,\"caption\":\"Droguerie sierroise\"},\"image\":{\"@id\":\"https:\\\/\\\/droguerie-sierroise.ch\\\/#\\\/schema\\\/logo\\\/image\\\/\"}}]}<\/script>\n<!-- \/ Yoast SEO plugin. -->","yoast_head_json":{"title":"Droguerie Sierroise \u2013 Naturprodukte, Wohlbefinden und Gesundheit in Sierre","description":"Die Drogerie Sierroise in Sierre bietet Beratung zu Naturprodukten, Gesundheit, Sch\u00f6nheit und Wohlbefinden. Individuelle Betreuung und traditionelle Schweizer Heilmittel.","robots":{"index":"index","follow":"follow","max-snippet":"max-snippet:-1","max-image-preview":"max-image-preview:large","max-video-preview":"max-video-preview:-1"},"canonical":"https:\/\/droguerie-sierroise.ch\/de\/cosmetique\/","og_locale":"de_DE","og_type":"article","og_title":"Droguerie Sierroise \u2013 Produits naturels, bien-\u00eatre & sant\u00e9 \u00e0 Sierre","og_description":"La Droguerie Sierroise \u00e0 Sierre vous conseille en produits naturels, sant\u00e9, beaut\u00e9 et bien-\u00eatre. Soins personnalis\u00e9s et rem\u00e8des traditionnels suisses.","og_url":"https:\/\/droguerie-sierroise.ch\/de\/cosmetique\/","og_site_name":"Droguerie sierroise - Annemarie Emery","article_modified_time":"2021-06-15T13:54:41+00:00","og_image":[{"url":"https:\/\/droguerie-sierroise.ch\/wp-content\/uploads\/2020\/09\/31-300x155.jpg","type":"","width":"","height":""}],"twitter_card":"summary_large_image","twitter_misc":{"Gesch\u00e4tzte Lesezeit":"5\u00a0Minuten"},"schema":{"@context":"https:\/\/schema.org","@graph":[{"@type":"WebPage","@id":"https:\/\/droguerie-sierroise.ch\/cosmetique\/","url":"https:\/\/droguerie-sierroise.ch\/cosmetique\/","name":"Droguerie Sierroise \u2013 Naturprodukte, Wohlbefinden und Gesundheit in Sierre","isPartOf":{"@id":"https:\/\/droguerie-sierroise.ch\/#website"},"primaryImageOfPage":{"@id":"https:\/\/droguerie-sierroise.ch\/cosmetique\/#primaryimage"},"image":{"@id":"https:\/\/droguerie-sierroise.ch\/cosmetique\/#primaryimage"},"thumbnailUrl":"https:\/\/droguerie-sierroise.ch\/wp-content\/uploads\/2020\/09\/31-300x155.jpg","datePublished":"2020-07-22T06:22:20+00:00","dateModified":"2021-06-15T13:54:41+00:00","description":"Die Drogerie Sierroise in Sierre bietet Beratung zu Naturprodukten, Gesundheit, Sch\u00f6nheit und Wohlbefinden. Individuelle Betreuung und traditionelle Schweizer Heilmittel.","breadcrumb":{"@id":"https:\/\/droguerie-sierroise.ch\/cosmetique\/#breadcrumb"},"inLanguage":"de","potentialAction":[{"@type":"ReadAction","target":["https:\/\/droguerie-sierroise.ch\/cosmetique\/"]}]},{"@type":"ImageObject","inLanguage":"de","@id":"https:\/\/droguerie-sierroise.ch\/cosmetique\/#primaryimage","url":"https:\/\/droguerie-sierroise.ch\/wp-content\/uploads\/2020\/09\/31-300x155.jpg","contentUrl":"https:\/\/droguerie-sierroise.ch\/wp-content\/uploads\/2020\/09\/31-300x155.jpg"},{"@type":"BreadcrumbList","@id":"https:\/\/droguerie-sierroise.ch\/cosmetique\/#breadcrumb","itemListElement":[{"@type":"ListItem","position":1,"name":"Accueil","item":"https:\/\/droguerie-sierroise.ch\/"},{"@type":"ListItem","position":2,"name":"Cosm\u00e9tique"}]},{"@type":"WebSite","@id":"https:\/\/droguerie-sierroise.ch\/#website","url":"https:\/\/droguerie-sierroise.ch\/","name":"Droguerie sierroise","description":"Ihr Apotheker in Sierre","publisher":{"@id":"https:\/\/droguerie-sierroise.ch\/#organization"},"potentialAction":[{"@type":"SearchAction","target":{"@type":"EntryPoint","urlTemplate":"https:\/\/droguerie-sierroise.ch\/?s={search_term_string}"},"query-input":{"@type":"PropertyValueSpecification","valueRequired":true,"valueName":"search_term_string"}}],"inLanguage":"de"},{"@type":"Organization","@id":"https:\/\/droguerie-sierroise.ch\/#organization","name":"Droguerie sierroise","url":"https:\/\/droguerie-sierroise.ch\/","logo":{"@type":"ImageObject","inLanguage":"de","@id":"https:\/\/droguerie-sierroise.ch\/#\/schema\/logo\/image\/","url":"https:\/\/droguerie-sierroise.ch\/wp-content\/uploads\/2020\/07\/logoDrogueries.jpg","contentUrl":"https:\/\/droguerie-sierroise.ch\/wp-content\/uploads\/2020\/07\/logoDrogueries.jpg","width":1499,"height":1479,"caption":"Droguerie sierroise"},"image":{"@id":"https:\/\/droguerie-sierroise.ch\/#\/schema\/logo\/image\/"}}]}},"_links":{"self":[{"href":"https:\/\/droguerie-sierroise.ch\/de\/wp-json\/wp\/v2\/pages\/29","targetHints":{"allow":["GET"]}}],"collection":[{"href":"https:\/\/droguerie-sierroise.ch\/de\/wp-json\/wp\/v2\/pages"}],"about":[{"href":"https:\/\/droguerie-sierroise.ch\/de\/wp-json\/wp\/v2\/types\/page"}],"author":[{"embeddable":true,"href":"https:\/\/droguerie-sierroise.ch\/de\/wp-json\/wp\/v2\/users\/3"}],"replies":[{"embeddable":true,"href":"https:\/\/droguerie-sierroise.ch\/de\/wp-json\/wp\/v2\/comments?post=29"}],"version-history":[{"count":9,"href":"https:\/\/droguerie-sierroise.ch\/de\/wp-json\/wp\/v2\/pages\/29\/revisions"}],"predecessor-version":[{"id":386,"href":"https:\/\/droguerie-sierroise.ch\/de\/wp-json\/wp\/v2\/pages\/29\/revisions\/386"}],"wp:attachment":[{"href":"https:\/\/droguerie-sierroise.ch\/de\/wp-json\/wp\/v2\/media?parent=29"}],"curies":[{"name":"wp","href":"https:\/\/api.w.org\/{rel}","templated":true}]}}